{"id":156,"date":"2019-01-02T21:03:02","date_gmt":"2019-01-02T21:03:02","guid":{"rendered":"https:\/\/pmyceconsulting.com\/?page_id=156"},"modified":"2019-03-05T15:38:05","modified_gmt":"2019-03-05T15:38:05","slug":"inicio","status":"publish","type":"page","link":"https:\/\/pmyceconsulting.com\/en\/","title":{"rendered":"Home"},"content":{"rendered":"<a href=\"#\" target=\"_self\" rel=\"noopener noreferrer\"  itemprop=\"url\">\n\t\t\t\t<img loading=\"lazy\" decoding=\"async\" src=\"https:\/\/pmyceconsulting.com\/wp-content\/uploads\/2019\/01\/car-3075497_1920-1600x1143.jpg\" alt=\"car-3075497_1920\" itemprop=\"image\" height=\"491\" width=\"688\" title=\"car-3075497_1920\" onerror=\"this.style.display='none'\"  \/>\n\t\t\t\t<\/a>\n<h3><a href=\"#\" target=\"_blank\" rel=\"noopener noreferrer\">Automotive OEM<\/a><\/h3>\t\t\n\t\t\t<a href=\"#\" target=\"_blank\" rel=\"noopener noreferrer\">Our team has extensive experience in OEM plants, which gives us the knowledge of your specific needs and expectations<\/a>\t\t\n\t\t\t\t<a href=\"#\" target=\"_self\" rel=\"noopener noreferrer\"  itemprop=\"url\">\n\t\t\t\t<img loading=\"lazy\" decoding=\"async\" src=\"https:\/\/pmyceconsulting.com\/wp-content\/uploads\/2019\/01\/motor-768750_1920.jpg\" alt=\"motor-768750_1920\" itemprop=\"image\" height=\"1280\" width=\"1920\" title=\"motor-768750_1920\" onerror=\"this.style.display='none'\"  \/>\n\t\t\t\t<\/a>\n<h3><a href=\"#\" target=\"_blank\" rel=\"noopener noreferrer\">Autoparts<\/a><\/h3>\t\t\n\t\t\t<a href=\"#\" target=\"_blank\" rel=\"noopener noreferrer\">La mancuerna perfecta: OEM &#038; Proveedores. Calidad, Throughput, Capacidad. Alta Tasa de Retorno de Inversi\u00f3n (T.R.I. &#8211; R.O.I.)<\/a>\t\t\n\t\t\t\t<a href=\"#\" target=\"_self\" itemprop=\"url\" rel=\"noopener noreferrer\">\n\t\t\t\t<img loading=\"lazy\" decoding=\"async\" src=\"https:\/\/pmyceconsulting.com\/wp-content\/uploads\/bb-plugin\/cache\/chassis-1456710_1280-landscape.jpg\" alt=\"chassis-1456710_1280\" itemprop=\"image\" height=\"853\" width=\"1280\" title=\"chassis-1456710_1280\" onerror=\"this.style.display='none'\"  \/>\n\t\t\t\t<\/a>\n<h3><a href=\"#\" target=\"_self\" rel=\"noopener noreferrer\">Aeronautics<\/a><\/h3>\t\t\n\t\t\t<a href=\"#\" target=\"_self\" rel=\"noopener noreferrer\">Un sector de gran auge en M\u00e9xico. Eficientamos procesos y calidad, mejorando as\u00ed servicio y resultados. Todo con una excelente Tasa de Retorno de Inversi\u00f3n (T.R.I. &#8211; R.O.I. )<\/a>\t\t\n\t\t\t\t<a href=\"#\" target=\"_self\" rel=\"noopener noreferrer\"  itemprop=\"url\">\n\t\t\t\t<img loading=\"lazy\" decoding=\"async\" src=\"https:\/\/pmyceconsulting.com\/wp-content\/uploads\/bb-plugin\/cache\/hook-1943675_1920-landscape.jpg\" alt=\"hook-1943675_1920\" itemprop=\"image\" height=\"1278\" width=\"1920\" title=\"hook-1943675_1920\" onerror=\"this.style.display='none'\"  \/>\n\t\t\t\t<\/a>\n<h3><a href=\"#\" target=\"_blank\" rel=\"noopener noreferrer\">Heavy Machinery<\/a><\/h3>\t\t\n\t\t\t<a href=\"#\" target=\"_blank\" rel=\"noopener noreferrer\">PMyC Enterprise supports the implementation of Lean tools; Reducing waste and maximizing results<\/a>\t\t\n\t\t\t\t<a href=\"#\" target=\"_self\" rel=\"noopener noreferrer\"  itemprop=\"url\">\n\t\t\t\t<img loading=\"lazy\" decoding=\"async\" src=\"https:\/\/pmyceconsulting.com\/wp-content\/uploads\/bb-plugin\/cache\/silos-406981_1920-1600x1067-landscape.jpg\" alt=\"silos-406981_1920\" itemprop=\"image\" height=\"459\" width=\"688\" title=\"silos-406981_1920\" onerror=\"this.style.display='none'\"  \/>\n\t\t\t\t<\/a>\n<h3><a href=\"#\" target=\"_blank\" rel=\"noopener noreferrer\">Food<\/a><\/h3>\t\t\n\t\t\t<a href=\"#\" target=\"_blank\" rel=\"noopener noreferrer\">Process optimization with experienced personnel in the sector.<\/a>\t\t\n\t\t\t\t<a href=\"#\" target=\"_self\" rel=\"noopener noreferrer\"  itemprop=\"url\">\n\t\t\t\t<img loading=\"lazy\" decoding=\"async\" src=\"https:\/\/pmyceconsulting.com\/wp-content\/uploads\/2019\/01\/dealer-1816324_1920.jpg\" alt=\"dealer-1816324_1920\" itemprop=\"image\" height=\"1920\" width=\"1920\" title=\"dealer-1816324_1920\" onerror=\"this.style.display='none'\"  \/>\n\t\t\t\t<\/a>\n<h3><a href=\"#\" target=\"_blank\" rel=\"noopener noreferrer\">Retail<\/a><\/h3>\t\t\n\t\t\t<a href=\"#\" target=\"_blank\" rel=\"noopener noreferrer\">Increased sales of products and services by optimizing flows and processes.<\/a>\t\t\n\t<h1><strong>Our value proposal<\/strong><\/h1>\n<p>PMyC Enterprise focuses on maximizing benefits to our customers. Some standard results are:<\/p>\n<p>Waste and downtime reduction, increasing speed and throughput; In turn, internal and external risks and actions to protect the operation are identified; Cash flow and EBITDA maximized; Improves long-term profitability, and consequently operational consistency and excellence.<\/p>\n<h2><strong>Typical R.O.I.  &gt;  200%<\/strong><\/h2>\n<h2><strong>We add value to the operation by minimizing waste and maximizing benefits.<\/strong><\/h2>\n\t\t\t\t<img loading=\"lazy\" decoding=\"async\" src=\"https:\/\/pmyceconsulting.com\/wp-content\/uploads\/2019\/03\/Value-Proposal-20190304-1.png\" alt=\"Value Proposal 20190304-1\" itemprop=\"image\" height=\"1735\" width=\"1097\" title=\"Value Proposal 20190304-1\" onerror=\"this.style.display='none'\"  \/>\n\t\t<h3>We minimize waste and maximize results<\/h3>\n\t\t\t<a href=\"\" target=\"_self\" role=\"button\" rel=\"noopener noreferrer\">\n\t\t\t\t\t\t\tInterested? Contact us\n\t\t\t\t\t<\/a>","protected":false},"excerpt":{"rendered":"<p>Automotriz OEM Nuestro equipo cuenta con extensa experiencia en plantas OEM, lo que nos brinda el conocimiento de sus necesidades&hellip;<\/p>","protected":false},"author":1,"featured_media":0,"parent":0,"menu_order":0,"comment_status":"closed","ping_status":"closed","template":"","meta":{"footnotes":""},"class_list":["post-156","page","type-page","status-publish","hentry"],"_links":{"self":[{"href":"https:\/\/pmyceconsulting.com\/en\/wp-json\/wp\/v2\/pages\/156","targetHints":{"allow":["GET"]}}],"collection":[{"href":"https:\/\/pmyceconsulting.com\/en\/wp-json\/wp\/v2\/pages"}],"about":[{"href":"https:\/\/pmyceconsulting.com\/en\/wp-json\/wp\/v2\/types\/page"}],"author":[{"embeddable":true,"href":"https:\/\/pmyceconsulting.com\/en\/wp-json\/wp\/v2\/users\/1"}],"replies":[{"embeddable":true,"href":"https:\/\/pmyceconsulting.com\/en\/wp-json\/wp\/v2\/comments?post=156"}],"version-history":[{"count":18,"href":"https:\/\/pmyceconsulting.com\/en\/wp-json\/wp\/v2\/pages\/156\/revisions"}],"predecessor-version":[{"id":511,"href":"https:\/\/pmyceconsulting.com\/en\/wp-json\/wp\/v2\/pages\/156\/revisions\/511"}],"wp:attachment":[{"href":"https:\/\/pmyceconsulting.com\/en\/wp-json\/wp\/v2\/media?parent=156"}],"curies":[{"name":"wp","href":"https:\/\/api.w.org\/{rel}","templated":true}]}}