{"id":158,"date":"2019-01-02T21:03:02","date_gmt":"2019-01-02T21:03:02","guid":{"rendered":"https:\/\/pmyceconsulting.com\/?page_id=158"},"modified":"2019-01-11T00:06:21","modified_gmt":"2019-01-11T00:06:21","slug":"servicios","status":"publish","type":"page","link":"https:\/\/pmyceconsulting.com\/en\/servicios\/","title":{"rendered":"Services"},"content":{"rendered":"<h3>Management and Engineering<\/h3>\t\t\n\t\t\t<p>We support the following key activities:<\/p>\n<ol>\n<li>Project and Program Management<\/li>\n<li>Engineering and service to plant<\/li>\n<li>Problem Solving<\/li>\n<li>Training (courses, classes and workshops)<\/li>\n<\/ol>\n\t<h3>Executive Services<\/h3>\t\t\n\t\t\t<p>We provide executives and leaders in cases of:<\/p>\n<ol>\n<li>Loss of key personnel (planned and unplanned)<\/li>\n<li>Coaching &amp; Mentoring<\/li>\n<li>Lead activities in the plants of our customer's suppliers<\/li>\n<\/ol>\n\t<h3>Selection of engineering personnel<\/h3>\t\t\n\t\t\t<p>We support our customers in the search for key personnel, covering the characteristics defined in the profile provided.<\/p>\n\t\t<h2><strong>Typical activities include:<\/strong><\/h2>\t\t\n\t\t\t\t<img loading=\"lazy\" decoding=\"async\" src=\"https:\/\/pmyceconsulting.com\/wp-content\/uploads\/2019\/01\/balloon-2331488_1920-1600x1000.jpg\" alt=\"balloon-2331488_1920\" itemprop=\"image\" height=\"430\" width=\"688\" title=\"balloon-2331488_1920\"  \/>\n\t\t<h3>Follow-up of action plans<\/h3>\t\t\n\t\t\t<p>Due crises with clients, audits or other causes, the own resources are often insufficient or are overwhelmed. We are the solution you need.<\/p>\n\t\t<h3>Supplier issues<\/h3>\t\t\n\t\t\t<p>Capacity, delivery and\/or quality issues with suppliers? We track the action plans at their plants as your own extension without sacrificing your resources.<\/p>\n\t\t\t\t<img loading=\"lazy\" decoding=\"async\" src=\"https:\/\/pmyceconsulting.com\/wp-content\/uploads\/2019\/01\/office-336368_1920-1600x1072.jpg\" alt=\"office-336368_1920\" itemprop=\"image\" height=\"461\" width=\"688\" title=\"office-336368_1920\"  \/>\n\t\t\t\t<img loading=\"lazy\" decoding=\"async\" src=\"https:\/\/pmyceconsulting.com\/wp-content\/uploads\/2019\/01\/skills-3367965_1920.jpg\" alt=\"skills-3367965_1920\" itemprop=\"image\" height=\"1379\" width=\"1920\" title=\"skills-3367965_1920\"  \/>\n\t\t<h3>Search for resources<\/h3>\t\t\n\t\t\t<p>We support the search for key personnel.<\/p>\n\t\t<h3>We minimize waste and maximize benefits<\/h3>\n\t\t\t<a href=\"\" target=\"_self\" role=\"button\">\n\t\t\t\t\t\t\tInterested? Contact us\n\t\t\t\t\t<\/a>","protected":false},"excerpt":{"rendered":"<p>Administraci\u00f3n e Ingenier\u00eda Soportamos las siguientes actividades clave: Gesti\u00f3n de Proyectos y Programas Ingenier\u00eda y Servicio a Planta Soluci\u00f3n de&hellip;<\/p>","protected":false},"author":1,"featured_media":0,"parent":0,"menu_order":0,"comment_status":"closed","ping_status":"closed","template":"","meta":{"footnotes":""},"class_list":["post-158","page","type-page","status-publish","hentry"],"_links":{"self":[{"href":"https:\/\/pmyceconsulting.com\/en\/wp-json\/wp\/v2\/pages\/158","targetHints":{"allow":["GET"]}}],"collection":[{"href":"https:\/\/pmyceconsulting.com\/en\/wp-json\/wp\/v2\/pages"}],"about":[{"href":"https:\/\/pmyceconsulting.com\/en\/wp-json\/wp\/v2\/types\/page"}],"author":[{"embeddable":true,"href":"https:\/\/pmyceconsulting.com\/en\/wp-json\/wp\/v2\/users\/1"}],"replies":[{"embeddable":true,"href":"https:\/\/pmyceconsulting.com\/en\/wp-json\/wp\/v2\/comments?post=158"}],"version-history":[{"count":11,"href":"https:\/\/pmyceconsulting.com\/en\/wp-json\/wp\/v2\/pages\/158\/revisions"}],"predecessor-version":[{"id":490,"href":"https:\/\/pmyceconsulting.com\/en\/wp-json\/wp\/v2\/pages\/158\/revisions\/490"}],"wp:attachment":[{"href":"https:\/\/pmyceconsulting.com\/en\/wp-json\/wp\/v2\/media?parent=158"}],"curies":[{"name":"wp","href":"https:\/\/api.w.org\/{rel}","templated":true}]}}