{"id":2,"date":"2019-01-02T21:03:02","date_gmt":"2019-01-02T21:03:02","guid":{"rendered":"https:\/\/pmyceconsulting.com\/?page_id=2"},"modified":"2019-01-07T22:17:46","modified_gmt":"2019-01-07T22:17:46","slug":"la-empresa","status":"publish","type":"page","link":"https:\/\/pmyceconsulting.com\/en\/la-empresa\/","title":{"rendered":"Who we are"},"content":{"rendered":"<img loading=\"lazy\" decoding=\"async\" src=\"https:\/\/pmyceconsulting.com\/wp-content\/uploads\/2019\/01\/light-bulb-1246043_1920.jpg\" alt=\"light-bulb-1246043_1920\" itemprop=\"image\" height=\"1275\" width=\"1920\" title=\"light-bulb-1246043_1920\"  \/>\n\t\t\t\t<img loading=\"lazy\" decoding=\"async\" src=\"https:\/\/pmyceconsulting.com\/wp-content\/uploads\/2019\/01\/qtq80-nw2iYf-1024x768.jpeg\" alt=\"qtq80-nw2iYf\" itemprop=\"image\" height=\"516\" width=\"688\" title=\"qtq80-nw2iYf\"  \/>\n\t\t\t\t<img loading=\"lazy\" decoding=\"async\" src=\"https:\/\/pmyceconsulting.com\/wp-content\/uploads\/2019\/01\/qtq80-4OI5VG.jpeg\" alt=\"qtq80-4OI5VG\" itemprop=\"image\" height=\"1440\" width=\"2172\" title=\"qtq80-4OI5VG\"  \/>\n\t<h3>Our Vision<\/h3>\n<p>For 2022 to be recognized in the provision of consultancy services in the secondary and tertiary economic sectors, with experienced and highly qualified human resources, as well as with strategic alliances, that allow us to be recognized by the quality, Efficiency and efficiency of the services we provide and as an innovative team in the solution of the needs of our customers.<\/p>\n\t<h3>Our Mission<\/h3>\n<p>To provide consultancy services in Lean, FIT and other engineering branches, guaranteeing the satisfaction of the needs of our clients and surpassing their expectations, through an innovative service and high quality based on the improvement Continuous and supported by a team of highly qualified professionals.<\/p>\n\t<h3>Our Values<\/h3>\n<p>The values and principles that guide us day by day to provide a service of excellence and offering our clients more value for their money are:<\/p>\n<p><b>Honesty: <\/b>To provide our customers with the services and products for which they pay<\/p>\n<p><b>Service attitude: <\/b>We will treat all our clients with respect, distinction and will be treated as we would like to be treated.<\/p>\n<p><b>Teamwork: <\/b>We do our work with passion for winning, in a cordial and cooperative environment<\/p>\n<p><b>Leadership: <\/b>We continually seek to be role model and develop leaders within our work team<\/p>\n<p><b>Loyalty and Fidelity: <\/b>We create a sense of belonging of our partners to the company and our clients<\/p>\n<p><b>Commitment: <\/b>We always fulfill our objectives of customer satisfaction and profitability and excell in the execution<\/p>\n\t<h3>Our Team<\/h3>\n<p>We have executives and leaders with extensive experience in various industrial sectors, which allows us to provide solutions tailored to our customers needs with excellence in execution.<\/p>\n\t\t\t\t<img loading=\"lazy\" decoding=\"async\" src=\"https:\/\/pmyceconsulting.com\/wp-content\/uploads\/bb-plugin\/cache\/darts-102919_1920-1024x683-square.jpg\" alt=\"darts-102919_1920\" itemprop=\"image\" height=\"459\" width=\"688\" title=\"darts-102919_1920\"  \/>\n<h3>Senior Consultants<\/h3>\t\t\n\t\t\t<p><em>Directors and Managers<\/em><\/p>\n\t<p>Leaders able to guide and take direct responsibility in the operation<\/p>\n\t\t\t\t<img loading=\"lazy\" decoding=\"async\" src=\"https:\/\/pmyceconsulting.com\/wp-content\/uploads\/bb-plugin\/cache\/articulated-male-818202_1920-1024x683-square.jpg\" alt=\"articulated-male-818202_1920\" itemprop=\"image\" height=\"459\" width=\"688\" title=\"articulated-male-818202_1920\"  \/>\n<h3>Junior Consultants<\/h3>\t\t\n\t\t\t<p><em>Superintendants and Supervisors<\/em><\/p>\n\t<p>L\u00edderes \u00abhands-on\u00bb en la operaci\u00f3n directa<\/p>\n\t\t\t\t<img loading=\"lazy\" decoding=\"async\" src=\"https:\/\/pmyceconsulting.com\/wp-content\/uploads\/bb-plugin\/cache\/chess-1215079_1920-1024x683-square.jpg\" alt=\"chess-1215079_1920\" itemprop=\"image\" height=\"459\" width=\"688\" title=\"chess-1215079_1920\"  \/>\n<h3>Technical support<\/h3>\t\t\n\t\t\t<p><em>Operational Support<\/em><\/p>\n\t<p>Support in different areas of the operation.<\/p>\n\t\t<h3>We bring value to our customers' opoerations through customized solutions to meet their needs<\/h3>\n\t\t<p>We use and apply the most versatile and proven tools in the industry.<\/p>\n\t\t\t<a href=\"\" target=\"_self\" role=\"button\">\n\t\t\t\t\t\t\tInterested? Contact us\n\t\t\t\t\t<\/a>","protected":false},"excerpt":{"rendered":"<p>Nuestra Visi\u00f3n Para 2022 ser reconocidos en la prestaci\u00f3n de servicios de consultor\u00eda en los sectores econ\u00f3micos secundario y terciario,&hellip;<\/p>","protected":false},"author":1,"featured_media":0,"parent":0,"menu_order":0,"comment_status":"closed","ping_status":"closed","template":"","meta":{"footnotes":""},"class_list":["post-2","page","type-page","status-publish","hentry"],"_links":{"self":[{"href":"https:\/\/pmyceconsulting.com\/en\/wp-json\/wp\/v2\/pages\/2","targetHints":{"allow":["GET"]}}],"collection":[{"href":"https:\/\/pmyceconsulting.com\/en\/wp-json\/wp\/v2\/pages"}],"about":[{"href":"https:\/\/pmyceconsulting.com\/en\/wp-json\/wp\/v2\/types\/page"}],"author":[{"embeddable":true,"href":"https:\/\/pmyceconsulting.com\/en\/wp-json\/wp\/v2\/users\/1"}],"replies":[{"embeddable":true,"href":"https:\/\/pmyceconsulting.com\/en\/wp-json\/wp\/v2\/comments?post=2"}],"version-history":[{"count":11,"href":"https:\/\/pmyceconsulting.com\/en\/wp-json\/wp\/v2\/pages\/2\/revisions"}],"predecessor-version":[{"id":440,"href":"https:\/\/pmyceconsulting.com\/en\/wp-json\/wp\/v2\/pages\/2\/revisions\/440"}],"wp:attachment":[{"href":"https:\/\/pmyceconsulting.com\/en\/wp-json\/wp\/v2\/media?parent=2"}],"curies":[{"name":"wp","href":"https:\/\/api.w.org\/{rel}","templated":true}]}}